{"id":4729,"date":"2020-08-24T14:28:10","date_gmt":"2020-08-24T12:28:10","guid":{"rendered":"https:\/\/gfaimmobiliare.it\/?page_id=4729"},"modified":"2020-10-27T13:06:18","modified_gmt":"2020-10-27T12:06:18","slug":"erfolge","status":"publish","type":"page","link":"https:\/\/www.gfaimmobiliare.it\/de\/erfolge\/","title":{"rendered":"Erfolge"},"content":{"rendered":"<div class=\"wpb-content-wrapper\"><p>[vc_row][vc_column][vc_column_text 0=&#8221;&#8221;]<\/p>\n<p class=\"centrato\">GFA Immobiliare hat in den letzten Jahren zahlreiche Immobilieninitiativen durchgef\u00fchrt.<br \/>\nJedes Geb\u00e4ude zeichnet sich durch eine gro\u00dfe Aufmerksamkeit f\u00fcr die Architektur aus und verbindet hohe Wohnqualit\u00e4t mit Respekt f\u00fcr die Umwelt.<br \/>\nDie Immobilienprojekte von GFA Immobiliare gew\u00e4hrleisten eine Investition von absoluter Qualit\u00e4t, um mit Gelassenheit in die Zukunft zu blicken.<\/p>\n<p>[\/vc_column_text][\/vc_column][\/vc_row][vc_row css=&#8221;.vc_custom_1438333348452{margin-bottom: 80px !important;}&#8221;][vc_column]\n\t\n\t<div class=\"portfolio-list portfolio-columns-3 portfolio-grid-layout-0  portfolio-with-spaces clearfix\" id=\"portfolio-list\">\n\n\t\t<div class=\"portfolio-item-block portfolio-item-animation-3 mix gardasee\" data-item=\"1\" data-name=\"Anfiteatro\">\n\t<div class=\"portfolio-item-block-inside\">\n\t  <a href=\"https:\/\/www.gfaimmobiliare.it\/de\/gfa\/anfiteatro\/\" target=\"_self\" rel=\"\" title=\"Anfiteatro\">\n\t    <div class=\"portfolio-item-image\" data-style=\"background-image: url(https:\/\/www.gfaimmobiliare.it\/wp-content\/uploads\/2023\/11\/A.Gadotti_DSC7286_rid-1024x1024.jpg);\"><\/div>\n\t    <div class=\"portfolio-item-bg\"><\/div>\n\t    <div class=\"info\">\n\t      <span class=\"sub-title\">Gardasee<\/span>\n\t      <h4 class=\"title\">Anfiteatro<\/h4>\n\t      \t      <div class=\"project-description\">Costermano sul Garda (VR)<\/div>\n\t  \t  \t      \t      <div class=\"view-more btn mgt-button\">View more<\/div>\n\t  \t  \t    <\/div>\n\t  <\/a>\n\t<\/div>\n\t<\/div>\n\t\t<div class=\"portfolio-item-block portfolio-item-animation-3 mix gardasee\" data-item=\"2\" data-name=\"Corte Casara\">\n\t<div class=\"portfolio-item-block-inside\">\n\t  <a href=\"https:\/\/www.gfaimmobiliare.it\/de\/gfa\/corte-casara\/\" target=\"_self\" rel=\"\" title=\"Corte Casara\">\n\t    <div class=\"portfolio-item-image\" data-style=\"background-image: url(https:\/\/www.gfaimmobiliare.it\/wp-content\/uploads\/2022\/08\/cc_19-1-1024x1024.jpg);\"><\/div>\n\t    <div class=\"portfolio-item-bg\"><\/div>\n\t    <div class=\"info\">\n\t      <span class=\"sub-title\">Gardasee<\/span>\n\t      <h4 class=\"title\">Corte Casara<\/h4>\n\t      \t      <div class=\"project-description\">Costermano sul Garda (VR)<\/div>\n\t  \t  \t      \t      <div class=\"view-more btn mgt-button\">View more<\/div>\n\t  \t  \t    <\/div>\n\t  <\/a>\n\t<\/div>\n\t<\/div>\n\t\t<div class=\"portfolio-item-block portfolio-item-animation-3 mix gardasee\" data-item=\"3\" data-name=\"Villa Giulia\">\n\t<div class=\"portfolio-item-block-inside\">\n\t  <a href=\"https:\/\/www.gfaimmobiliare.it\/de\/gfa\/villa-giulia\/\" target=\"_self\" rel=\"\" title=\"Villa Giulia\">\n\t    <div class=\"portfolio-item-image\" data-style=\"background-image: url(https:\/\/www.gfaimmobiliare.it\/wp-content\/uploads\/2021\/06\/DSC6566_web_1200x800-1024x800.jpg);\"><\/div>\n\t    <div class=\"portfolio-item-bg\"><\/div>\n\t    <div class=\"info\">\n\t      <span class=\"sub-title\">Gardasee<\/span>\n\t      <h4 class=\"title\">Villa Giulia<\/h4>\n\t      \t      <div class=\"project-description\">Garda (VR)<\/div>\n\t  \t  \t      \t      <div class=\"view-more btn mgt-button\">View more<\/div>\n\t  \t  \t    <\/div>\n\t  <\/a>\n\t<\/div>\n\t<\/div>\n\t\t<div class=\"portfolio-item-block portfolio-item-animation-3 mix gardasee\" data-item=\"1\" data-name=\"Ville dei Beati\">\n\t<div class=\"portfolio-item-block-inside\">\n\t  <a href=\"https:\/\/www.gfaimmobiliare.it\/de\/gfa\/ville-dei-beati\/\" target=\"_self\" rel=\"\" title=\"Ville dei Beati\">\n\t    <div class=\"portfolio-item-image\" data-style=\"background-image: url(https:\/\/www.gfaimmobiliare.it\/wp-content\/uploads\/2019\/11\/DSC3115_web.jpg);\"><\/div>\n\t    <div class=\"portfolio-item-bg\"><\/div>\n\t    <div class=\"info\">\n\t      <span class=\"sub-title\">Gardasee<\/span>\n\t      <h4 class=\"title\">Ville dei Beati<\/h4>\n\t      \t      <div class=\"project-description\">Garda (VR)<\/div>\n\t  \t  \t      \t      <div class=\"view-more btn mgt-button\">View more<\/div>\n\t  \t  \t    <\/div>\n\t  <\/a>\n\t<\/div>\n\t<\/div>\n\t\t<div class=\"portfolio-item-block portfolio-item-animation-3 mix gardasee\" data-item=\"2\" data-name=\"Greenville\">\n\t<div class=\"portfolio-item-block-inside\">\n\t  <a href=\"https:\/\/www.gfaimmobiliare.it\/de\/gfa\/greenville\/\" target=\"_self\" rel=\"\" title=\"Greenville\">\n\t    <div class=\"portfolio-item-image\" data-style=\"background-image: url(https:\/\/www.gfaimmobiliare.it\/wp-content\/uploads\/2017\/02\/DSC4929aweb_900x600.jpg);\"><\/div>\n\t    <div class=\"portfolio-item-bg\"><\/div>\n\t    <div class=\"info\">\n\t      <span class=\"sub-title\">Gardasee<\/span>\n\t      <h4 class=\"title\">Greenville<\/h4>\n\t      \t      \t      <div class=\"view-more btn mgt-button\">View more<\/div>\n\t  \t  \t    <\/div>\n\t  <\/a>\n\t<\/div>\n\t<\/div>\n\t\t<div class=\"portfolio-item-block portfolio-item-animation-3 mix gardasee\" data-item=\"3\" data-name=\"Residence La Fenice\">\n\t<div class=\"portfolio-item-block-inside\">\n\t  <a href=\"https:\/\/www.gfaimmobiliare.it\/de\/gfa\/residence-la-fenice\/\" target=\"_self\" rel=\"\" title=\"Residence La Fenice\">\n\t    <div class=\"portfolio-item-image\" data-style=\"background-image: url(https:\/\/www.gfaimmobiliare.it\/wp-content\/uploads\/2020\/08\/lafenice_intro-1024x600.jpg);\"><\/div>\n\t    <div class=\"portfolio-item-bg\"><\/div>\n\t    <div class=\"info\">\n\t      <span class=\"sub-title\">Gardasee<\/span>\n\t      <h4 class=\"title\">Residence La Fenice<\/h4>\n\t      \t      \t      <div class=\"view-more btn mgt-button\">View more<\/div>\n\t  \t  \t    <\/div>\n\t  <\/a>\n\t<\/div>\n\t<\/div>\n\t\t<div class=\"portfolio-item-block portfolio-item-animation-3 mix trient\" data-item=\"1\" data-name=\"Residenza Marianna\">\n\t<div class=\"portfolio-item-block-inside\">\n\t  <a href=\"https:\/\/www.gfaimmobiliare.it\/de\/gfa\/residenza-marianna\/\" target=\"_self\" rel=\"\" title=\"Residenza Marianna\">\n\t    <div class=\"portfolio-item-image\" data-style=\"background-image: url(https:\/\/www.gfaimmobiliare.it\/wp-content\/uploads\/2017\/02\/marianna_04.jpg);\"><\/div>\n\t    <div class=\"portfolio-item-bg\"><\/div>\n\t    <div class=\"info\">\n\t      <span class=\"sub-title\">Trient<\/span>\n\t      <h4 class=\"title\">Residenza Marianna<\/h4>\n\t      \t      \t      <div class=\"view-more btn mgt-button\">View more<\/div>\n\t  \t  \t    <\/div>\n\t  <\/a>\n\t<\/div>\n\t<\/div>\n\t\t<div class=\"portfolio-item-block portfolio-item-animation-3 mix trient\" data-item=\"2\" data-name=\"Villa Anna\">\n\t<div class=\"portfolio-item-block-inside\">\n\t  <a href=\"https:\/\/www.gfaimmobiliare.it\/de\/gfa\/villa-anna\/\" target=\"_self\" rel=\"\" title=\"Villa Anna\">\n\t    <div class=\"portfolio-item-image\" data-style=\"background-image: url(https:\/\/www.gfaimmobiliare.it\/wp-content\/uploads\/2020\/08\/villa_anna_intro-1024x600.jpg);\"><\/div>\n\t    <div class=\"portfolio-item-bg\"><\/div>\n\t    <div class=\"info\">\n\t      <span class=\"sub-title\">Trient<\/span>\n\t      <h4 class=\"title\">Villa Anna<\/h4>\n\t      \t      \t      <div class=\"view-more btn mgt-button\">View more<\/div>\n\t  \t  \t    <\/div>\n\t  <\/a>\n\t<\/div>\n\t<\/div>\n\t\t<div class=\"portfolio-item-block portfolio-item-animation-3 mix trient\" data-item=\"3\" data-name=\"Residenza Camilla\">\n\t<div class=\"portfolio-item-block-inside\">\n\t  <a href=\"https:\/\/www.gfaimmobiliare.it\/de\/gfa\/residenza-camilla\/\" target=\"_self\" rel=\"\" title=\"Residenza Camilla\">\n\t    <div class=\"portfolio-item-image\" data-style=\"background-image: url(https:\/\/www.gfaimmobiliare.it\/wp-content\/uploads\/2020\/04\/DSC2055_web-1024x800.jpg);\"><\/div>\n\t    <div class=\"portfolio-item-bg\"><\/div>\n\t    <div class=\"info\">\n\t      <span class=\"sub-title\">Trient<\/span>\n\t      <h4 class=\"title\">Residenza Camilla<\/h4>\n\t      \t      \t      <div class=\"view-more btn mgt-button\">View more<\/div>\n\t  \t  \t    <\/div>\n\t  <\/a>\n\t<\/div>\n\t<\/div>\n\t\t         \n\t\n\t<\/div>\n\n\n<script>(function($){\n\t    $(document).ready(function() {\n\n\t\t    $(\"#portfolio-list\").mixItUp({effects:[\"fade\",\"scale\"],easing:\"snap\"});\n\n\t    });})(jQuery);<\/script>[\/vc_column][\/vc_row]<\/p>\n<\/div>","protected":false},"excerpt":{"rendered":"<p>&#8230;<\/p>\n","protected":false},"author":2,"featured_media":0,"parent":0,"menu_order":0,"comment_status":"closed","ping_status":"closed","template":"","meta":{"_seopress_robots_primary_cat":"","_seopress_titles_title":"","_seopress_titles_desc":"","_seopress_robots_index":"","footnotes":""},"class_list":["post-4729","page","type-page","status-publish","hentry"],"_links":{"self":[{"href":"https:\/\/www.gfaimmobiliare.it\/de\/wp-json\/wp\/v2\/pages\/4729","targetHints":{"allow":["GET"]}}],"collection":[{"href":"https:\/\/www.gfaimmobiliare.it\/de\/wp-json\/wp\/v2\/pages"}],"about":[{"href":"https:\/\/www.gfaimmobiliare.it\/de\/wp-json\/wp\/v2\/types\/page"}],"author":[{"embeddable":true,"href":"https:\/\/www.gfaimmobiliare.it\/de\/wp-json\/wp\/v2\/users\/2"}],"replies":[{"embeddable":true,"href":"https:\/\/www.gfaimmobiliare.it\/de\/wp-json\/wp\/v2\/comments?post=4729"}],"version-history":[{"count":3,"href":"https:\/\/www.gfaimmobiliare.it\/de\/wp-json\/wp\/v2\/pages\/4729\/revisions"}],"predecessor-version":[{"id":4925,"href":"https:\/\/www.gfaimmobiliare.it\/de\/wp-json\/wp\/v2\/pages\/4729\/revisions\/4925"}],"wp:attachment":[{"href":"https:\/\/www.gfaimmobiliare.it\/de\/wp-json\/wp\/v2\/media?parent=4729"}],"curies":[{"name":"wp","href":"https:\/\/api.w.org\/{rel}","templated":true}]}}