{"id":4660,"date":"2020-08-24T11:56:35","date_gmt":"2020-08-24T09:56:35","guid":{"rendered":"https:\/\/gfaimmobiliare.it\/?page_id=4660"},"modified":"2020-10-21T11:08:49","modified_gmt":"2020-10-21T09:08:49","slug":"wer-wir-sind","status":"publish","type":"page","link":"https:\/\/www.gfaimmobiliare.it\/de\/wer-wir-sind\/","title":{"rendered":"Wer wir sind"},"content":{"rendered":"<div class=\"wpb-content-wrapper\"><p>[vc_row][vc_column css=&#8221;.vc_custom_1490349112624{margin-top: 30px !important;margin-bottom: 30px !important;}&#8221;][vc_single_image image=&#8221;4118&#8243; img_size=&#8221;full&#8221; alignment=&#8221;center&#8221;][vc_column_text]<\/p>\n<p style=\"text-align: center;\">Giovanni Zobele, Andrea Maistri und Francesco Danieli<\/p>\n<p>[\/vc_column_text][\/vc_column][\/vc_row][vc_row css=&#8221;.vc_custom_1487172975028{margin-top: 30px !important;}&#8221;][vc_column css=&#8221;.vc_custom_1490350250336{margin-bottom: 50px !important;}&#8221;]<div class=\"mgt-header-block clearfix text-left text-black wpb_content_element  mgt-header-block-style-1 mgt-header-texttransform-both \"><h2 class=\"mgt-header-block-title\">GFA Immobiliare<\/h2><div class=\"mgt-header-line\"><\/div><\/div>[vc_column_text]GFA Immobiliare entstand vor zehn Jahren aus dem Zusammentreffen und der Partnerschaft zwischen den Unternehmern und Fachleuten Giovanni Zobele, Francesco Danieli und Andrea Maistri.[\/vc_column_text][\/vc_column][vc_column width=&#8221;1\/3&#8243;][vc_column_text]<strong>Giovanni Zobele<\/strong>, einen der bekanntesten Unternehmer der Provinz Trient dank seiner Erfahrung im Rahmen der Gruppe Zobele Industrie Chimiche S.P.A. Er befasst sich mit zahlreichen Unternehmens- und Maklert\u00e4tigkeiten auf internationaler Ebene und war von 2000 bis 2005 Pr\u00e4sident des Sportvereins Aquila Basket Trento, der unter seinem Vorsitz in die Profit- Serie \u201eA2\u201c aufgestiegen ist und heute zur obersten Serie der Profit-Meisterschaften geh\u00f6rt.[\/vc_column_text][\/vc_column][vc_column width=&#8221;1\/3&#8243;][vc_column_text]<strong>Francesco Danieli<\/strong>, Inhaber der Fa. Ceda Immobiliare, der im ganzen Trentino fu\u0308hrenden Makleragentur, stand in der Vergangenheit bei zahlreichen herausragenden Initiativen fu\u0308r die Immobilienentwicklung im Vordergrund und wurde dank Leidenschaft, Engagement, Aufopferung und Fachkompetenz zu einem Synonym fu\u0308r die Professionalit\u00e4t und Zuverl\u00e4ssigkeit, die ihm innerhalb und au\u00dferhalb der Region anerkannt werden. Immobilienberater \u201eUniCredit Subito Casa\u201c fu\u0308r den Sektor Prestige.[\/vc_column_text][\/vc_column][vc_column width=&#8221;1\/3&#8243;][vc_column_text]<strong>Andrea Maistri<\/strong>ru\u0308hmt sich zwanzigj\u00e4hriger, qualifizierter Erfahrung in der Immobilienbranche.<br \/>\nEr bietet seinen Kunden allumfassende technische Fachberatung in der Immobilienbranche, Vermittlung fu\u0308r Kauf und Verkauf, sowie fachlich qualifizierte Leistungen von der Planung bis zur schlu\u0308sselfertigen Realisierung von Um- und Neubauten.[\/vc_column_text][\/vc_column][vc_column css=&#8221;.vc_custom_1490350257032{margin-top: 50px !important;}&#8221;][vc_column_text]GFA besitzt bereichsu\u0308bergreifende Fachkompetenzen von hohem Niveau, Management-F\u00e4higkeiten, langj\u00e4hrige Erfahrung, Solidit\u00e4t und Zuverl\u00e4ssigkeit in der Immobilienbranche. Sie bemu\u0308ht sich um die Entwicklung einer \u201egreen philosophy\u201c auf der Grundlage von Ethik, Transparenz, und in erster Linie Pflege der eigenen Kundschaft.[\/vc_column_text][\/vc_column][\/vc_row]<\/p>\n<\/div>","protected":false},"excerpt":{"rendered":"<p>&#8230;<\/p>\n","protected":false},"author":2,"featured_media":0,"parent":0,"menu_order":0,"comment_status":"closed","ping_status":"closed","template":"","meta":{"_seopress_robots_primary_cat":"","_seopress_titles_title":"","_seopress_titles_desc":"","_seopress_robots_index":"","footnotes":""},"class_list":["post-4660","page","type-page","status-publish","hentry"],"_links":{"self":[{"href":"https:\/\/www.gfaimmobiliare.it\/de\/wp-json\/wp\/v2\/pages\/4660","targetHints":{"allow":["GET"]}}],"collection":[{"href":"https:\/\/www.gfaimmobiliare.it\/de\/wp-json\/wp\/v2\/pages"}],"about":[{"href":"https:\/\/www.gfaimmobiliare.it\/de\/wp-json\/wp\/v2\/types\/page"}],"author":[{"embeddable":true,"href":"https:\/\/www.gfaimmobiliare.it\/de\/wp-json\/wp\/v2\/users\/2"}],"replies":[{"embeddable":true,"href":"https:\/\/www.gfaimmobiliare.it\/de\/wp-json\/wp\/v2\/comments?post=4660"}],"version-history":[{"count":5,"href":"https:\/\/www.gfaimmobiliare.it\/de\/wp-json\/wp\/v2\/pages\/4660\/revisions"}],"predecessor-version":[{"id":4867,"href":"https:\/\/www.gfaimmobiliare.it\/de\/wp-json\/wp\/v2\/pages\/4660\/revisions\/4867"}],"wp:attachment":[{"href":"https:\/\/www.gfaimmobiliare.it\/de\/wp-json\/wp\/v2\/media?parent=4660"}],"curies":[{"name":"wp","href":"https:\/\/api.w.org\/{rel}","templated":true}]}}