{"id":4359,"date":"2020-08-20T11:57:22","date_gmt":"2020-08-20T09:57:22","guid":{"rendered":"https:\/\/gfaimmobiliare.it\/?page_id=4359"},"modified":"2020-08-20T11:57:22","modified_gmt":"2020-08-20T09:57:22","slug":"ville-dei-beati-anfahrt","status":"publish","type":"page","link":"https:\/\/www.gfaimmobiliare.it\/de\/ville-dei-beati-garda\/ville-dei-beati-anfahrt\/","title":{"rendered":"Ville dei Beati &#8211; Anfahrt"},"content":{"rendered":"<div class=\"wpb-content-wrapper\"><p>[vc_row css=&#8221;.vc_custom_1596798133332{margin-right: -25px !important;margin-left: -25px !important;}&#8221;][vc_column][vc_single_image image=&#8221;1092&#8243; img_size=&#8221;full&#8221; alignment=&#8221;center&#8221;][\/vc_column][\/vc_row][vc_row content_placement=&#8221;top&#8221; css=&#8221;.vc_custom_1596787156927{margin-top: 30px !important;}&#8221;][vc_column]<div class=\"mgt-header-block clearfix text-left text-black wpb_animate_when_almost_visible wpb_top-to-bottom wpb_content_element  mgt-header-block-style-2 mgt-header-texttransform-both \"><p class=\"mgt-header-block-subtitle\">Ville dei Beati, Garda (VR)<\/p><h2 class=\"mgt-header-block-title\">Ruhe und Entspannung mit exklusivem Blick auf dem Gardasee<\/h2><div class=\"mgt-header-line\"><\/div><\/div>[vc_column_text]Im Hu\u0308gelland des Gardasees in etwa 1.4 km Entfernung vom Ortskern befindet sich in hervorragender Lage mit herrlicher Aussicht auf den See, den gesamten Golf und die Burg von Garda die Ortschaft Beati.<br \/>\nIn diesem Hu\u0308gelgebiet, das durch Olivenhaine, Weinberge und Wiesen gepr\u00e4gt ist, realisiert GFA Immobiliare Srl drei exklusive, ger\u00e4umige Einzelvillen mit Garten, eigenem Schwimmbad, gro\u00dfen Fensterw\u00e4nden und Terrassen mit Sicht auf den See.[\/vc_column_text][\/vc_column][\/vc_row][vc_row css=&#8221;.vc_custom_1462525906878{margin-top: 30px !important;}&#8221;][vc_column width=&#8221;1\/2&#8243;]<div class=\"mgt-header-block clearfix text-left text-black wpb_animate_when_almost_visible wpb_top-to-bottom wpb_content_element  mgt-header-block-style-2 mgt-header-texttransform-header \"><h2 class=\"mgt-header-block-title\">Wie kommt man nach Garda?<\/h2><div class=\"mgt-header-line\"><\/div><\/div>[vc_column_text]<strong>Garda<\/strong> ist ein charakteristischer Ort am Ostufer des Gardasees und ist nur <strong>32 km von Verona<\/strong> entfernt und ist u\u0308ber die <strong>Brenner-Autobahn A22<\/strong>, <strong>Ausfahrt Affi \u2013 Gardasee Su\u0308d<\/strong> (Entfernung ca. 9 km) oder u\u0308ber die <strong>Regionalstra\u00dfe SR 249 Gardesana Orientale<\/strong>, Richtung Riva del Garda zu erreichen.<\/p>\n<p>Garda liegt nord\u00f6stlich des Hauptorts auf der Veroneser Seite des Gardasees, der von alters her unter dem Namen Ben\u00e0cus oder Ben\u00e0co bekannt war. Der Ort liegt im Zentrum des gleichnamigen Golfs, der bei der Burg von Garda beginnt und in den See hineinragt, wo er eine kleine Halbinsel bildet, die Punta San Vigilio und die Baia delle Sirene umfasst. Su\u0308dlich grenzt der Ort an Bardolino, n\u00f6rdlich an Torri del Benaco, \u00f6stlich an Costermano sul Garda.<\/p>\n<p><strong>Punta San Vigilio<\/strong>, Eigentum der Grafen Guarienti di Brenzone, bildet eine Halbinsel, die nord\u00f6stlich den Golf von Garda abschlie\u00dft. Auf dieser kleinen Landzunge befinden sich eine Villa, eine kleine Kirche, ein historischer Gasthof, ein kleiner Hafen, die <strong>Baia delle Sirene<\/strong>. San Vigilio war schon immer Reiseziel beru\u0308hmter Besucher, wie z.B. der Herzogin von Parma, Maria Luigia, des K\u00f6nigs von Neapel, des russischen Zars Alexander, des Nobelpreistr\u00e4gers Otto Hahn und seiner Gattin, der Malerin Edith Junghans, Winston Churchill, der Schauspieler Laurence Olivier und Vivien Leigh, und des Prinzen Charles von England.[\/vc_column_text][\/vc_column][vc_column width=&#8221;1\/2&#8243;]<div class=\"mgt-header-block clearfix text-left text-black wpb_animate_when_almost_visible wpb_top-to-bottom wpb_content_element  mgt-header-block-style-2 mgt-header-texttransform-header \"><h2 class=\"mgt-header-block-title\">Gardasee<\/h2><div class=\"mgt-header-line\"><\/div><\/div>[vc_column_text]<\/p>\n<h3>Spezialit\u00e4ten aus dem Gebiet<\/h3>\n<p>Das Gebiet von Garda ist u\u0308bers\u00e4t mit kleinen Trattorias und typischen Lokalen, wo man Gerichte kosten kann, die das Ergebnis der Vorliebe fu\u0308r gutes Essen und der Kultur der Gastlichkeit sind und wo die \u201eNullkilometer-Zutaten\u201c zum Tragen kommen, die an den Ufern des Sees zahlreich zu finden sind.<\/p>\n<p><strong>Fisch aus dem See<\/strong><br \/>\nDie Ku\u0308che von Garda ru\u0308hmt sich zahlloser Gerichte aus Fischen, die in dem kristallklaren Wasser des Sees durchaus reichlich gefangen werden. Die edelste und typischste Fischsorte ist die Gardaseeforelle, die hier ein geeignetes Habitat fu\u0308r ihre Ansiedelung gefunden hat. Unter den anderen Fischarten sind auch Blaufelchen und Seeforelle, Aal, Hecht, D\u00f6bel, Karpfen, Schleie und Barsch zu nennen.<\/p>\n<p><strong>Oliven\u00f6l<\/strong><br \/>\nDas native Oliven\u00f6l extra des Gardasees wird vorwiegend aus der einheimischen \u00d6lbaum-Sorte Casaliva gewonnen. Die besondere Lage und das spezifische Klima machen daraus ein einzigartiges, unverwechselbares \u00d6l mit anhaltendem, reichem Geschmack, obwohl es sich im Wesentlichen um ein mildes \u00d6l (leicht und fruchtig) handelt, das sehr gut zu vielen kulinarischen Zubereitungen passt.<\/p>\n<p><strong>Zitronen<\/strong><br \/>\nDies ist das am weitesten n\u00f6rdlich gelegene professionelle Zitrusfru\u0308chte-Anbaugebiet der Welt. Zitronat-, Zitronen- und Bergamottfru\u0308chte sind das Ergebnis der \u201ezauberhaften\u201c Verknu\u0308pfung zwischen einem fast mediterranen Klima und dem Unternehmergeist z\u00e4her Bauern, die im Verlauf des 13. Jahrhunderts zu \u201eG\u00e4rtnern\u201c der \u2013 poetisch als \u201eZierg\u00e4rten\u201c bezeichneten \u2013 Zitronenhaine wurden.[\/vc_column_text][\/vc_column][vc_column][vc_column_text]<\/p>\n\n\t\t<style type=\"text\/css\">\n\t\t\t#gallery-1 {\n\t\t\t\tmargin: auto;\n\t\t\t}\n\t\t\t#gallery-1 .gallery-item {\n\t\t\t\tfloat: left;\n\t\t\t\tmargin-top: 10px;\n\t\t\t\ttext-align: center;\n\t\t\t\twidth: 33%;\n\t\t\t}\n\t\t\t#gallery-1 img {\n\t\t\t\tborder: 2px solid #cfcfcf;\n\t\t\t}\n\t\t\t#gallery-1 .gallery-caption {\n\t\t\t\tmargin-left: 0;\n\t\t\t}\n\t\t\t\/* see gallery_shortcode() in wp-includes\/media.php *\/\n\t\t<\/style>\n\t\t<div id='gallery-1' class='gallery galleryid-4359 gallery-columns-3 gallery-size-thumbnail'><dl class='gallery-item'>\n\t\t\t<dt class='gallery-icon landscape'>\n\t\t\t\t<a href='https:\/\/www.gfaimmobiliare.it\/wp-content\/uploads\/2018\/01\/baia_delle_sirene.jpg'><img loading=\"lazy\" decoding=\"async\" width=\"150\" height=\"150\" src=\"https:\/\/www.gfaimmobiliare.it\/wp-content\/uploads\/2018\/01\/baia_delle_sirene-150x150.jpg\" class=\"attachment-thumbnail size-thumbnail\" alt=\"\" srcset=\"https:\/\/www.gfaimmobiliare.it\/wp-content\/uploads\/2018\/01\/baia_delle_sirene-150x150.jpg 150w, https:\/\/www.gfaimmobiliare.it\/wp-content\/uploads\/2018\/01\/baia_delle_sirene-268x268.jpg 268w, https:\/\/www.gfaimmobiliare.it\/wp-content\/uploads\/2018\/01\/baia_delle_sirene-75x75.jpg 75w, https:\/\/www.gfaimmobiliare.it\/wp-content\/uploads\/2018\/01\/baia_delle_sirene-80x80.jpg 80w, https:\/\/www.gfaimmobiliare.it\/wp-content\/uploads\/2018\/01\/baia_delle_sirene-100x100.jpg 100w\" sizes=\"auto, (max-width: 150px) 100vw, 150px\" \/><\/a>\n\t\t\t<\/dt><\/dl><dl class='gallery-item'>\n\t\t\t<dt class='gallery-icon landscape'>\n\t\t\t\t<a href='https:\/\/www.gfaimmobiliare.it\/wp-content\/uploads\/2018\/01\/bardolino.jpg'><img loading=\"lazy\" decoding=\"async\" width=\"150\" height=\"150\" src=\"https:\/\/www.gfaimmobiliare.it\/wp-content\/uploads\/2018\/01\/bardolino-150x150.jpg\" class=\"attachment-thumbnail size-thumbnail\" alt=\"\" srcset=\"https:\/\/www.gfaimmobiliare.it\/wp-content\/uploads\/2018\/01\/bardolino-150x150.jpg 150w, https:\/\/www.gfaimmobiliare.it\/wp-content\/uploads\/2018\/01\/bardolino-268x268.jpg 268w, https:\/\/www.gfaimmobiliare.it\/wp-content\/uploads\/2018\/01\/bardolino-75x75.jpg 75w, https:\/\/www.gfaimmobiliare.it\/wp-content\/uploads\/2018\/01\/bardolino-80x80.jpg 80w, https:\/\/www.gfaimmobiliare.it\/wp-content\/uploads\/2018\/01\/bardolino-100x100.jpg 100w\" sizes=\"auto, (max-width: 150px) 100vw, 150px\" \/><\/a>\n\t\t\t<\/dt><\/dl><dl class='gallery-item'>\n\t\t\t<dt class='gallery-icon landscape'>\n\t\t\t\t<a href='https:\/\/www.gfaimmobiliare.it\/wp-content\/uploads\/2018\/01\/conca_garda.jpg'><img loading=\"lazy\" decoding=\"async\" width=\"150\" height=\"150\" src=\"https:\/\/www.gfaimmobiliare.it\/wp-content\/uploads\/2018\/01\/conca_garda-150x150.jpg\" class=\"attachment-thumbnail size-thumbnail\" alt=\"\" srcset=\"https:\/\/www.gfaimmobiliare.it\/wp-content\/uploads\/2018\/01\/conca_garda-150x150.jpg 150w, https:\/\/www.gfaimmobiliare.it\/wp-content\/uploads\/2018\/01\/conca_garda-268x268.jpg 268w, https:\/\/www.gfaimmobiliare.it\/wp-content\/uploads\/2018\/01\/conca_garda-75x75.jpg 75w, https:\/\/www.gfaimmobiliare.it\/wp-content\/uploads\/2018\/01\/conca_garda-80x80.jpg 80w, https:\/\/www.gfaimmobiliare.it\/wp-content\/uploads\/2018\/01\/conca_garda-100x100.jpg 100w\" sizes=\"auto, (max-width: 150px) 100vw, 150px\" \/><\/a>\n\t\t\t<\/dt><\/dl><br style=\"clear: both\" \/><dl class='gallery-item'>\n\t\t\t<dt class='gallery-icon portrait'>\n\t\t\t\t<a href='https:\/\/www.gfaimmobiliare.it\/wp-content\/uploads\/2018\/01\/limoni.jpg'><img loading=\"lazy\" decoding=\"async\" width=\"150\" height=\"150\" src=\"https:\/\/www.gfaimmobiliare.it\/wp-content\/uploads\/2018\/01\/limoni-150x150.jpg\" class=\"attachment-thumbnail size-thumbnail\" alt=\"\" srcset=\"https:\/\/www.gfaimmobiliare.it\/wp-content\/uploads\/2018\/01\/limoni-150x150.jpg 150w, https:\/\/www.gfaimmobiliare.it\/wp-content\/uploads\/2018\/01\/limoni-268x268.jpg 268w, https:\/\/www.gfaimmobiliare.it\/wp-content\/uploads\/2018\/01\/limoni-75x75.jpg 75w, https:\/\/www.gfaimmobiliare.it\/wp-content\/uploads\/2018\/01\/limoni-80x80.jpg 80w, https:\/\/www.gfaimmobiliare.it\/wp-content\/uploads\/2018\/01\/limoni-100x100.jpg 100w\" sizes=\"auto, (max-width: 150px) 100vw, 150px\" \/><\/a>\n\t\t\t<\/dt><\/dl><dl class='gallery-item'>\n\t\t\t<dt class='gallery-icon landscape'>\n\t\t\t\t<a href='https:\/\/www.gfaimmobiliare.it\/wp-content\/uploads\/2018\/01\/milano.jpg'><img loading=\"lazy\" decoding=\"async\" width=\"150\" height=\"150\" src=\"https:\/\/www.gfaimmobiliare.it\/wp-content\/uploads\/2018\/01\/milano-150x150.jpg\" class=\"attachment-thumbnail size-thumbnail\" alt=\"\" srcset=\"https:\/\/www.gfaimmobiliare.it\/wp-content\/uploads\/2018\/01\/milano-150x150.jpg 150w, https:\/\/www.gfaimmobiliare.it\/wp-content\/uploads\/2018\/01\/milano-268x268.jpg 268w, https:\/\/www.gfaimmobiliare.it\/wp-content\/uploads\/2018\/01\/milano-75x75.jpg 75w, https:\/\/www.gfaimmobiliare.it\/wp-content\/uploads\/2018\/01\/milano-80x80.jpg 80w, https:\/\/www.gfaimmobiliare.it\/wp-content\/uploads\/2018\/01\/milano-100x100.jpg 100w\" sizes=\"auto, (max-width: 150px) 100vw, 150px\" \/><\/a>\n\t\t\t<\/dt><\/dl><dl class='gallery-item'>\n\t\t\t<dt class='gallery-icon landscape'>\n\t\t\t\t<a href='https:\/\/www.gfaimmobiliare.it\/wp-content\/uploads\/2018\/01\/olio_olive_pane.jpg'><img loading=\"lazy\" decoding=\"async\" width=\"150\" height=\"150\" src=\"https:\/\/www.gfaimmobiliare.it\/wp-content\/uploads\/2018\/01\/olio_olive_pane-150x150.jpg\" class=\"attachment-thumbnail size-thumbnail\" alt=\"\" srcset=\"https:\/\/www.gfaimmobiliare.it\/wp-content\/uploads\/2018\/01\/olio_olive_pane-150x150.jpg 150w, https:\/\/www.gfaimmobiliare.it\/wp-content\/uploads\/2018\/01\/olio_olive_pane-268x268.jpg 268w, https:\/\/www.gfaimmobiliare.it\/wp-content\/uploads\/2018\/01\/olio_olive_pane-75x75.jpg 75w, https:\/\/www.gfaimmobiliare.it\/wp-content\/uploads\/2018\/01\/olio_olive_pane-80x80.jpg 80w, https:\/\/www.gfaimmobiliare.it\/wp-content\/uploads\/2018\/01\/olio_olive_pane-100x100.jpg 100w\" sizes=\"auto, (max-width: 150px) 100vw, 150px\" \/><\/a>\n\t\t\t<\/dt><\/dl><br style=\"clear: both\" \/><dl class='gallery-item'>\n\t\t\t<dt class='gallery-icon portrait'>\n\t\t\t\t<a href='https:\/\/www.gfaimmobiliare.it\/wp-content\/uploads\/2018\/01\/olive.jpg'><img loading=\"lazy\" decoding=\"async\" width=\"150\" height=\"150\" src=\"https:\/\/www.gfaimmobiliare.it\/wp-content\/uploads\/2018\/01\/olive-150x150.jpg\" class=\"attachment-thumbnail size-thumbnail\" alt=\"\" srcset=\"https:\/\/www.gfaimmobiliare.it\/wp-content\/uploads\/2018\/01\/olive-150x150.jpg 150w, https:\/\/www.gfaimmobiliare.it\/wp-content\/uploads\/2018\/01\/olive-268x268.jpg 268w, https:\/\/www.gfaimmobiliare.it\/wp-content\/uploads\/2018\/01\/olive-75x75.jpg 75w, https:\/\/www.gfaimmobiliare.it\/wp-content\/uploads\/2018\/01\/olive-80x80.jpg 80w, https:\/\/www.gfaimmobiliare.it\/wp-content\/uploads\/2018\/01\/olive-100x100.jpg 100w\" sizes=\"auto, (max-width: 150px) 100vw, 150px\" \/><\/a>\n\t\t\t<\/dt><\/dl><dl class='gallery-item'>\n\t\t\t<dt class='gallery-icon landscape'>\n\t\t\t\t<a href='https:\/\/www.gfaimmobiliare.it\/wp-content\/uploads\/2018\/01\/pesce_di_lago.jpg'><img loading=\"lazy\" decoding=\"async\" width=\"150\" height=\"150\" src=\"https:\/\/www.gfaimmobiliare.it\/wp-content\/uploads\/2018\/01\/pesce_di_lago-150x150.jpg\" class=\"attachment-thumbnail size-thumbnail\" alt=\"\" srcset=\"https:\/\/www.gfaimmobiliare.it\/wp-content\/uploads\/2018\/01\/pesce_di_lago-150x150.jpg 150w, https:\/\/www.gfaimmobiliare.it\/wp-content\/uploads\/2018\/01\/pesce_di_lago-268x268.jpg 268w, https:\/\/www.gfaimmobiliare.it\/wp-content\/uploads\/2018\/01\/pesce_di_lago-75x75.jpg 75w, https:\/\/www.gfaimmobiliare.it\/wp-content\/uploads\/2018\/01\/pesce_di_lago-80x80.jpg 80w, https:\/\/www.gfaimmobiliare.it\/wp-content\/uploads\/2018\/01\/pesce_di_lago-100x100.jpg 100w\" sizes=\"auto, (max-width: 150px) 100vw, 150px\" \/><\/a>\n\t\t\t<\/dt><\/dl><dl class='gallery-item'>\n\t\t\t<dt class='gallery-icon landscape'>\n\t\t\t\t<a href='https:\/\/www.gfaimmobiliare.it\/wp-content\/uploads\/2018\/01\/punta_san_vigilio.jpg'><img loading=\"lazy\" decoding=\"async\" width=\"150\" height=\"150\" src=\"https:\/\/www.gfaimmobiliare.it\/wp-content\/uploads\/2018\/01\/punta_san_vigilio-150x150.jpg\" class=\"attachment-thumbnail size-thumbnail\" alt=\"\" srcset=\"https:\/\/www.gfaimmobiliare.it\/wp-content\/uploads\/2018\/01\/punta_san_vigilio-150x150.jpg 150w, https:\/\/www.gfaimmobiliare.it\/wp-content\/uploads\/2018\/01\/punta_san_vigilio-268x268.jpg 268w, https:\/\/www.gfaimmobiliare.it\/wp-content\/uploads\/2018\/01\/punta_san_vigilio-75x75.jpg 75w, https:\/\/www.gfaimmobiliare.it\/wp-content\/uploads\/2018\/01\/punta_san_vigilio-80x80.jpg 80w, https:\/\/www.gfaimmobiliare.it\/wp-content\/uploads\/2018\/01\/punta_san_vigilio-100x100.jpg 100w\" sizes=\"auto, (max-width: 150px) 100vw, 150px\" \/><\/a>\n\t\t\t<\/dt><\/dl><br style=\"clear: both\" \/>\n\t\t<\/div>\n\n<p>[\/vc_column_text][\/vc_column][\/vc_row][vc_row][vc_column]<div class=\"mgt-header-block clearfix text-left text-black wpb_animate_when_almost_visible wpb_top-to-bottom wpb_content_element  mgt-header-block-style-2 mgt-header-texttransform-both \"><h2 class=\"mgt-header-block-title\">Die Einzelvillen<\/h2><div class=\"mgt-header-line\"><\/div><\/div>[\/vc_column][vc_column width=&#8221;1\/2&#8243;][vc_single_image image=&#8221;1715&#8243; img_size=&#8221;full&#8221; alignment=&#8221;right&#8221; onclick=&#8221;custom_link&#8221; link=&#8221;ville-dei-beati-villa-d\/&#8221;][vc_column_text css=&#8221;.vc_custom_1597912153235{margin-top: 20px !important;margin-bottom: 20px !important;}&#8221;]<\/p>\n<h3 style=\"text-align: center;\"><a href=\"ville-dei-beati-villa-d\/\">Villa D<\/a><\/h3>\n<p>[\/vc_column_text][\/vc_column][vc_column width=&#8221;1\/2&#8243;][vc_single_image image=&#8221;3195&#8243; img_size=&#8221;full&#8221; alignment=&#8221;center&#8221;][vc_column_text css=&#8221;.vc_custom_1597915943138{margin-top: 20px !important;margin-bottom: 20px !important;}&#8221;]<\/p>\n<h3 style=\"text-align: center;\">Villa A &#8211; Verkauft<\/h3>\n<p>[\/vc_column_text][\/vc_column][vc_column width=&#8221;1\/2&#8243;][vc_single_image image=&#8221;3198&#8243; img_size=&#8221;full&#8221; alignment=&#8221;center&#8221;][vc_column_text css=&#8221;.vc_custom_1597915959272{margin-top: 20px !important;margin-bottom: 20px !important;}&#8221;]<\/p>\n<h3 style=\"text-align: center;\">Villa B &#8211; Verkauft<\/h3>\n<p>[\/vc_column_text][\/vc_column][vc_column width=&#8221;1\/2&#8243;][vc_single_image image=&#8221;3200&#8243; img_size=&#8221;full&#8221; alignment=&#8221;center&#8221;][vc_column_text css=&#8221;.vc_custom_1597915950671{margin-top: 20px !important;margin-bottom: 20px !important;}&#8221;]<\/p>\n<h3 style=\"text-align: center;\">Villa C &#8211; Verkauft<\/h3>\n<p>[\/vc_column_text][\/vc_column][\/vc_row][vc_row full_width=&#8221;stretch_row&#8221; css=&#8221;.vc_custom_1597907625695{padding-top: 50px !important;padding-bottom: 50px !important;}&#8221;][vc_column width=&#8221;1\/2&#8243; el_id=&#8221;contatto&#8221;]<div class=\"mgt-header-block clearfix text-left text-black wpb_animate_when_almost_visible wpb_top-to-bottom wpb_content_element  mgt-header-block-style-2 mgt-header-texttransform-header \"><h2 class=\"mgt-header-block-title\">Anfrage Informationen<\/h2><div class=\"mgt-header-line\"><\/div><\/div>[vc_column_text css_animation=&#8221;left-to-right&#8221;]F\u00fcr Informationen oder Anfragen bez\u00fcglich der <strong>Villa D<\/strong> des Immobilienbetriebs <strong>&#8220;Ville dei Beati&#8221;<\/strong> von GFA Immobiliare geben Sie hier Ihre Daten ein.<br \/>\nSie werden so schnell wie m\u00f6glich kontaktiert.<\/p>\n<p>Felder, die mit einem Sternchen (*) versehen sind, m\u00fcssen ausgef\u00fcllt werden.[\/vc_column_text][\/vc_column][vc_column width=&#8221;1\/2&#8243;]\n<div class=\"wpcf7 no-js\" id=\"wpcf7-f4350-o1\" lang=\"it-IT\" dir=\"ltr\" data-wpcf7-id=\"4350\">\n<div class=\"screen-reader-response\"><p role=\"status\" aria-live=\"polite\" aria-atomic=\"true\"><\/p> <ul><\/ul><\/div>\n<form action=\"\/de\/wp-json\/wp\/v2\/pages\/4359#wpcf7-f4350-o1\" method=\"post\" class=\"wpcf7-form init\" aria-label=\"Modulo di contatto\" novalidate=\"novalidate\" data-status=\"init\">\n<fieldset class=\"hidden-fields-container\"><input type=\"hidden\" name=\"_wpcf7\" value=\"4350\" \/><input type=\"hidden\" name=\"_wpcf7_version\" value=\"6.1.5\" \/><input type=\"hidden\" name=\"_wpcf7_locale\" value=\"it_IT\" \/><input type=\"hidden\" name=\"_wpcf7_unit_tag\" value=\"wpcf7-f4350-o1\" \/><input type=\"hidden\" name=\"_wpcf7_container_post\" value=\"0\" \/><input type=\"hidden\" name=\"_wpcf7_posted_data_hash\" value=\"\" \/><input type=\"hidden\" name=\"_wpcf7cf_hidden_group_fields\" value=\"[]\" \/><input type=\"hidden\" name=\"_wpcf7cf_hidden_groups\" value=\"[]\" \/><input type=\"hidden\" name=\"_wpcf7cf_visible_groups\" value=\"[]\" \/><input type=\"hidden\" name=\"_wpcf7cf_repeaters\" value=\"[]\" \/><input type=\"hidden\" name=\"_wpcf7cf_steps\" value=\"{}\" \/><input type=\"hidden\" name=\"_wpcf7cf_options\" value=\"{&quot;form_id&quot;:4350,&quot;conditions&quot;:[{&quot;then_field&quot;:&quot;-1&quot;,&quot;and_rules&quot;:[{&quot;if_field&quot;:&quot;null&quot;,&quot;operator&quot;:&quot;equals&quot;,&quot;if_value&quot;:&quot;&quot;}]}],&quot;settings&quot;:{&quot;animation&quot;:&quot;yes&quot;,&quot;animation_intime&quot;:200,&quot;animation_outtime&quot;:200,&quot;conditions_ui&quot;:&quot;normal&quot;,&quot;notice_dismissed&quot;:false,&quot;notice_dismissed_update-cf7-5.8.1&quot;:true}}\" \/><input type=\"hidden\" name=\"_wpcf7_recaptcha_response\" value=\"\" \/>\n<\/fieldset>\n<div class=\"row\">\n\t<div class=\"col-md-6\">\n\t\t<p><span class=\"wpcf7-form-control-wrap\" data-name=\"gfa-nome\"><input size=\"40\" maxlength=\"400\" class=\"wpcf7-form-control wpcf7-text wpcf7-validates-as-required\" aria-required=\"true\" aria-invalid=\"false\" placeholder=\"Name und Nachname *\" value=\"\" type=\"text\" name=\"gfa-nome\" \/><\/span>\n\t\t<\/p>\n\t\t<p><span class=\"wpcf7-form-control-wrap\" data-name=\"gfa-email\"><input size=\"40\" maxlength=\"400\" class=\"wpcf7-form-control wpcf7-email wpcf7-validates-as-required wpcf7-text wpcf7-validates-as-email\" aria-required=\"true\" aria-invalid=\"false\" placeholder=\"Email *\" value=\"\" type=\"email\" name=\"gfa-email\" \/><\/span>\n\t\t<\/p>\n\t<\/div>\n\t<div class=\"col-md-6\">\n\t\t<p><span class=\"wpcf7-form-control-wrap\" data-name=\"gfa-tel\"><input size=\"40\" maxlength=\"400\" class=\"wpcf7-form-control wpcf7-text\" aria-invalid=\"false\" placeholder=\"Telefon\" value=\"\" type=\"text\" name=\"gfa-tel\" \/><\/span>\n\t\t<\/p>\n\t\t<p><span class=\"wpcf7-form-control-wrap\" data-name=\"gfa-oggetto\"><input size=\"40\" maxlength=\"400\" class=\"wpcf7-form-control wpcf7-text\" aria-invalid=\"false\" placeholder=\"Gegenstand der Anfrage\" value=\"\" type=\"text\" name=\"gfa-oggetto\" \/><\/span>\n\t\t<\/p>\n\t<\/div>\n\t<div class=\"col-md-12\">\n\t\t<p><span class=\"wpcf7-form-control-wrap\" data-name=\"gfa-messaggio\"><textarea cols=\"40\" rows=\"10\" maxlength=\"2000\" class=\"wpcf7-form-control wpcf7-textarea wpcf7-validates-as-required\" aria-required=\"true\" aria-invalid=\"false\" placeholder=\"Kommentare \/ Fragen *\" name=\"gfa-messaggio\"><\/textarea><\/span>\n\t\t<\/p>\n\t\t<p><span class=\"wpcf7-form-control-wrap\" data-name=\"gfa-privacy\"><span class=\"wpcf7-form-control wpcf7-acceptance\"><span class=\"wpcf7-list-item\"><label><input type=\"checkbox\" name=\"gfa-privacy\" value=\"1\" aria-invalid=\"false\" \/><span class=\"wpcf7-list-item-label\">Ich habe die <em><a href=\"https:\/\/gfaimmobiliare.it\/de\/privacy\/\" target=\"_blank\">Datenschutzerkl\u00e4rung<\/a> gelesen<\/em>. Ich stimme der Verarbeitung meiner Daten zu.<\/span><\/label><\/span><\/span><\/span>\n\t\t<\/p>\n\t\t<p><input class=\"wpcf7-form-control wpcf7-submit has-spinner\" type=\"submit\" value=\"Senden\" \/>\n\t\t<\/p>\n\t<\/div>\n<\/div><div class=\"wpcf7-response-output\" aria-hidden=\"true\"><\/div>\n<\/form>\n<\/div>\n[\/vc_column][\/vc_row][vc_row full_width=&#8221;stretch_row_content_no_spaces&#8221;][vc_column][sbs_wpb_openstreetmap map_style=&#8221;openstreetmap_de&#8221; map_height=&#8221;30&#8243; zoom=&#8221;14&#8243; ctrl_mouse_zoom=&#8221;true&#8221; show_attribution=&#8221;&#8221; latitude=&#8221;45.586289&#8243; longitude=&#8221;10.718471&#8243;][sbs_wpb_marker marker_source=&#8221;coordinates&#8221; marker_color=&#8221;green&#8221; marker_latitude=&#8221;45.586289&#8243; marker_longitude=&#8221;10.718471&#8243; marker_icon=&#8221;sbs-map-icon sbs-map-my-location&#8221;]<img loading=\"lazy\" decoding=\"async\" class=\"alignnone size-full wp-image-4238\" src=\"https:\/\/gfaimmobiliare.it\/wp-content\/uploads\/2020\/08\/ville_dei_beati_logo.jpg\" alt=\"Ville dei Beati | GFA Immobiliare\" width=\"650\" height=\"200\" srcset=\"https:\/\/www.gfaimmobiliare.it\/wp-content\/uploads\/2020\/08\/ville_dei_beati_logo.jpg 650w, https:\/\/www.gfaimmobiliare.it\/wp-content\/uploads\/2020\/08\/ville_dei_beati_logo-300x92.jpg 300w\" sizes=\"auto, (max-width: 650px) 100vw, 650px\" \/><br \/>\n<strong>Ville dei Beati<\/strong><br \/>\nGarda (VR)[\/sbs_wpb_marker][\/sbs_wpb_openstreetmap][\/vc_column][\/vc_row]<\/p>\n<\/div>","protected":false},"excerpt":{"rendered":"<p>&#8230;<\/p>\n","protected":false},"author":2,"featured_media":0,"parent":4346,"menu_order":0,"comment_status":"closed","ping_status":"closed","template":"","meta":{"_seopress_robots_primary_cat":"","_seopress_titles_title":"","_seopress_titles_desc":"","_seopress_robots_index":"","footnotes":""},"class_list":["post-4359","page","type-page","status-publish","hentry"],"_links":{"self":[{"href":"https:\/\/www.gfaimmobiliare.it\/de\/wp-json\/wp\/v2\/pages\/4359","targetHints":{"allow":["GET"]}}],"collection":[{"href":"https:\/\/www.gfaimmobiliare.it\/de\/wp-json\/wp\/v2\/pages"}],"about":[{"href":"https:\/\/www.gfaimmobiliare.it\/de\/wp-json\/wp\/v2\/types\/page"}],"author":[{"embeddable":true,"href":"https:\/\/www.gfaimmobiliare.it\/de\/wp-json\/wp\/v2\/users\/2"}],"replies":[{"embeddable":true,"href":"https:\/\/www.gfaimmobiliare.it\/de\/wp-json\/wp\/v2\/comments?post=4359"}],"version-history":[{"count":2,"href":"https:\/\/www.gfaimmobiliare.it\/de\/wp-json\/wp\/v2\/pages\/4359\/revisions"}],"predecessor-version":[{"id":4363,"href":"https:\/\/www.gfaimmobiliare.it\/de\/wp-json\/wp\/v2\/pages\/4359\/revisions\/4363"}],"up":[{"embeddable":true,"href":"https:\/\/www.gfaimmobiliare.it\/de\/wp-json\/wp\/v2\/pages\/4346"}],"wp:attachment":[{"href":"https:\/\/www.gfaimmobiliare.it\/de\/wp-json\/wp\/v2\/media?parent=4359"}],"curies":[{"name":"wp","href":"https:\/\/api.w.org\/{rel}","templated":true}]}}